{"id":582,"date":"2020-12-10T22:04:51","date_gmt":"2020-12-10T22:04:51","guid":{"rendered":"https:\/\/www.audacia.co\/careers\/"},"modified":"2024-12-06T15:35:45","modified_gmt":"2024-12-06T15:35:45","slug":"careers","status":"publish","type":"page","link":"https:\/\/www.audacia.co\/fr\/careers\/","title":{"rendered":"Carri\u00e8res"},"content":{"rendered":"","protected":false},"excerpt":{"rendered":"","protected":false},"author":1,"featured_media":4330,"parent":0,"menu_order":0,"comment_status":"closed","ping_status":"closed","template":"flexible-content.php","meta":{"inline_featured_image":false,"footnotes":""},"class_list":["post-582","page","type-page","status-publish","has-post-thumbnail","hentry"],"yoast_head":"<!-- This site is optimized with the Yoast SEO plugin v27.4 - https:\/\/yoast.com\/product\/yoast-seo-wordpress\/ -->\n<title>Jetez un oeil aux offres d&#039;emplois chez Audacia Group!<\/title>\n<meta name=\"description\" content=\"\u00c0 la recherche d&#039;un emploi? Parcourez les offres d&#039;emplois \u00e0 pourvoir chez Audacia ou dans une des soci\u00e9t\u00e9s du groupe.\" \/>\n<meta name=\"robots\" content=\"index, follow, max-snippet:-1, max-image-preview:large, max-video-preview:-1\" \/>\n<link rel=\"canonical\" href=\"https:\/\/www.audacia.co\/fr\/careers\/\" \/>\n<meta property=\"og:locale\" content=\"fr_FR\" \/>\n<meta property=\"og:type\" content=\"article\" \/>\n<meta property=\"og:title\" content=\"Jetez un oeil aux offres d&#039;emplois chez Audacia Group!\" \/>\n<meta property=\"og:description\" content=\"\u00c0 la recherche d&#039;un emploi? Parcourez les offres d&#039;emplois \u00e0 pourvoir chez Audacia ou dans une des soci\u00e9t\u00e9s du groupe.\" \/>\n<meta property=\"og:url\" content=\"https:\/\/www.audacia.co\/fr\/careers\/\" \/>\n<meta property=\"og:site_name\" content=\"Audacia Group\" \/>\n<meta property=\"article:modified_time\" content=\"2024-12-06T15:35:45+00:00\" \/>\n<meta property=\"og:image\" content=\"https:\/\/www.audacia.co\/wp-content\/uploads\/2022\/10\/audacia-work-meeting.jpg\" \/>\n\t<meta property=\"og:image:width\" content=\"2500\" \/>\n\t<meta property=\"og:image:height\" content=\"1756\" \/>\n\t<meta property=\"og:image:type\" content=\"image\/jpeg\" \/>\n<meta name=\"twitter:card\" content=\"summary_large_image\" \/>\n<script type=\"application\/ld+json\" class=\"yoast-schema-graph\">{\"@context\":\"https:\\\/\\\/schema.org\",\"@graph\":[{\"@type\":\"WebPage\",\"@id\":\"https:\\\/\\\/www.audacia.co\\\/fr\\\/careers\\\/\",\"url\":\"https:\\\/\\\/www.audacia.co\\\/fr\\\/careers\\\/\",\"name\":\"Jetez un oeil aux offres d'emplois chez Audacia Group!\",\"isPartOf\":{\"@id\":\"https:\\\/\\\/www.audacia.co\\\/#website\"},\"primaryImageOfPage\":{\"@id\":\"https:\\\/\\\/www.audacia.co\\\/fr\\\/careers\\\/#primaryimage\"},\"image\":{\"@id\":\"https:\\\/\\\/www.audacia.co\\\/fr\\\/careers\\\/#primaryimage\"},\"thumbnailUrl\":\"https:\\\/\\\/www.audacia.co\\\/wp-content\\\/uploads\\\/2022\\\/10\\\/audacia-work-meeting.jpg\",\"datePublished\":\"2020-12-10T22:04:51+00:00\",\"dateModified\":\"2024-12-06T15:35:45+00:00\",\"description\":\"\u00c0 la recherche d'un emploi? Parcourez les offres d'emplois \u00e0 pourvoir chez Audacia ou dans une des soci\u00e9t\u00e9s du groupe.\",\"breadcrumb\":{\"@id\":\"https:\\\/\\\/www.audacia.co\\\/fr\\\/careers\\\/#breadcrumb\"},\"inLanguage\":\"fr-FR\",\"potentialAction\":[{\"@type\":\"ReadAction\",\"target\":[\"https:\\\/\\\/www.audacia.co\\\/fr\\\/careers\\\/\"]}]},{\"@type\":\"ImageObject\",\"inLanguage\":\"fr-FR\",\"@id\":\"https:\\\/\\\/www.audacia.co\\\/fr\\\/careers\\\/#primaryimage\",\"url\":\"https:\\\/\\\/www.audacia.co\\\/wp-content\\\/uploads\\\/2022\\\/10\\\/audacia-work-meeting.jpg\",\"contentUrl\":\"https:\\\/\\\/www.audacia.co\\\/wp-content\\\/uploads\\\/2022\\\/10\\\/audacia-work-meeting.jpg\",\"width\":2500,\"height\":1756,\"caption\":\"audacia employees attending a meeting\"},{\"@type\":\"BreadcrumbList\",\"@id\":\"https:\\\/\\\/www.audacia.co\\\/fr\\\/careers\\\/#breadcrumb\",\"itemListElement\":[{\"@type\":\"ListItem\",\"position\":1,\"name\":\"Home\",\"item\":\"https:\\\/\\\/www.audacia.co\\\/fr\\\/audacia-group-homepage\\\/\"},{\"@type\":\"ListItem\",\"position\":2,\"name\":\"Carri\u00e8res\"}]},{\"@type\":\"WebSite\",\"@id\":\"https:\\\/\\\/www.audacia.co\\\/#website\",\"url\":\"https:\\\/\\\/www.audacia.co\\\/\",\"name\":\"Audacia Group\",\"description\":\"Founded in 2018 by Alexandre Bonvin, the Audacia Group brings together promising online companies in Sion (VS) and improve their profitability and customer service.\",\"publisher\":{\"@id\":\"https:\\\/\\\/www.audacia.co\\\/#organization\"},\"potentialAction\":[{\"@type\":\"SearchAction\",\"target\":{\"@type\":\"EntryPoint\",\"urlTemplate\":\"https:\\\/\\\/www.audacia.co\\\/?s={search_term_string}\"},\"query-input\":{\"@type\":\"PropertyValueSpecification\",\"valueRequired\":true,\"valueName\":\"search_term_string\"}}],\"inLanguage\":\"fr-FR\"},{\"@type\":\"Organization\",\"@id\":\"https:\\\/\\\/www.audacia.co\\\/#organization\",\"name\":\"Audacia Group\",\"url\":\"https:\\\/\\\/www.audacia.co\\\/\",\"logo\":{\"@type\":\"ImageObject\",\"inLanguage\":\"fr-FR\",\"@id\":\"https:\\\/\\\/www.audacia.co\\\/#\\\/schema\\\/logo\\\/image\\\/\",\"url\":\"https:\\\/\\\/www.audacia.co\\\/wp-content\\\/uploads\\\/2020\\\/12\\\/favicon.png\",\"contentUrl\":\"https:\\\/\\\/www.audacia.co\\\/wp-content\\\/uploads\\\/2020\\\/12\\\/favicon.png\",\"width\":512,\"height\":512,\"caption\":\"Audacia Group\"},\"image\":{\"@id\":\"https:\\\/\\\/www.audacia.co\\\/#\\\/schema\\\/logo\\\/image\\\/\"},\"sameAs\":[\"https:\\\/\\\/ch.linkedin.com\\\/company\\\/audacia-group\",\"https:\\\/\\\/www.instagram.com\\\/audacia_group\\\/?hl=fr\",\"https:\\\/\\\/www.youtube.com\\\/channel\\\/UChJ1W5T__cUmoj50C4489yA\\\/discussion\",\"https:\\\/\\\/open.spotify.com\\\/show\\\/73qmEvTngXLlFf4UkBLKEU\",\"https:\\\/\\\/www.tiktok.com\\\/@audacia_group\"]}]}<\/script>\n<!-- \/ Yoast SEO plugin. -->","yoast_head_json":{"title":"Jetez un oeil aux offres d'emplois chez Audacia Group!","description":"\u00c0 la recherche d'un emploi? Parcourez les offres d'emplois \u00e0 pourvoir chez Audacia ou dans une des soci\u00e9t\u00e9s du groupe.","robots":{"index":"index","follow":"follow","max-snippet":"max-snippet:-1","max-image-preview":"max-image-preview:large","max-video-preview":"max-video-preview:-1"},"canonical":"https:\/\/www.audacia.co\/fr\/careers\/","og_locale":"fr_FR","og_type":"article","og_title":"Jetez un oeil aux offres d'emplois chez Audacia Group!","og_description":"\u00c0 la recherche d'un emploi? Parcourez les offres d'emplois \u00e0 pourvoir chez Audacia ou dans une des soci\u00e9t\u00e9s du groupe.","og_url":"https:\/\/www.audacia.co\/fr\/careers\/","og_site_name":"Audacia Group","article_modified_time":"2024-12-06T15:35:45+00:00","og_image":[{"width":2500,"height":1756,"url":"https:\/\/www.audacia.co\/wp-content\/uploads\/2022\/10\/audacia-work-meeting.jpg","type":"image\/jpeg"}],"twitter_card":"summary_large_image","schema":{"@context":"https:\/\/schema.org","@graph":[{"@type":"WebPage","@id":"https:\/\/www.audacia.co\/fr\/careers\/","url":"https:\/\/www.audacia.co\/fr\/careers\/","name":"Jetez un oeil aux offres d'emplois chez Audacia Group!","isPartOf":{"@id":"https:\/\/www.audacia.co\/#website"},"primaryImageOfPage":{"@id":"https:\/\/www.audacia.co\/fr\/careers\/#primaryimage"},"image":{"@id":"https:\/\/www.audacia.co\/fr\/careers\/#primaryimage"},"thumbnailUrl":"https:\/\/www.audacia.co\/wp-content\/uploads\/2022\/10\/audacia-work-meeting.jpg","datePublished":"2020-12-10T22:04:51+00:00","dateModified":"2024-12-06T15:35:45+00:00","description":"\u00c0 la recherche d'un emploi? Parcourez les offres d'emplois \u00e0 pourvoir chez Audacia ou dans une des soci\u00e9t\u00e9s du groupe.","breadcrumb":{"@id":"https:\/\/www.audacia.co\/fr\/careers\/#breadcrumb"},"inLanguage":"fr-FR","potentialAction":[{"@type":"ReadAction","target":["https:\/\/www.audacia.co\/fr\/careers\/"]}]},{"@type":"ImageObject","inLanguage":"fr-FR","@id":"https:\/\/www.audacia.co\/fr\/careers\/#primaryimage","url":"https:\/\/www.audacia.co\/wp-content\/uploads\/2022\/10\/audacia-work-meeting.jpg","contentUrl":"https:\/\/www.audacia.co\/wp-content\/uploads\/2022\/10\/audacia-work-meeting.jpg","width":2500,"height":1756,"caption":"audacia employees attending a meeting"},{"@type":"BreadcrumbList","@id":"https:\/\/www.audacia.co\/fr\/careers\/#breadcrumb","itemListElement":[{"@type":"ListItem","position":1,"name":"Home","item":"https:\/\/www.audacia.co\/fr\/audacia-group-homepage\/"},{"@type":"ListItem","position":2,"name":"Carri\u00e8res"}]},{"@type":"WebSite","@id":"https:\/\/www.audacia.co\/#website","url":"https:\/\/www.audacia.co\/","name":"Audacia Group","description":"Founded in 2018 by Alexandre Bonvin, the Audacia Group brings together promising online companies in Sion (VS) and improve their profitability and customer service.","publisher":{"@id":"https:\/\/www.audacia.co\/#organization"},"potentialAction":[{"@type":"SearchAction","target":{"@type":"EntryPoint","urlTemplate":"https:\/\/www.audacia.co\/?s={search_term_string}"},"query-input":{"@type":"PropertyValueSpecification","valueRequired":true,"valueName":"search_term_string"}}],"inLanguage":"fr-FR"},{"@type":"Organization","@id":"https:\/\/www.audacia.co\/#organization","name":"Audacia Group","url":"https:\/\/www.audacia.co\/","logo":{"@type":"ImageObject","inLanguage":"fr-FR","@id":"https:\/\/www.audacia.co\/#\/schema\/logo\/image\/","url":"https:\/\/www.audacia.co\/wp-content\/uploads\/2020\/12\/favicon.png","contentUrl":"https:\/\/www.audacia.co\/wp-content\/uploads\/2020\/12\/favicon.png","width":512,"height":512,"caption":"Audacia Group"},"image":{"@id":"https:\/\/www.audacia.co\/#\/schema\/logo\/image\/"},"sameAs":["https:\/\/ch.linkedin.com\/company\/audacia-group","https:\/\/www.instagram.com\/audacia_group\/?hl=fr","https:\/\/www.youtube.com\/channel\/UChJ1W5T__cUmoj50C4489yA\/discussion","https:\/\/open.spotify.com\/show\/73qmEvTngXLlFf4UkBLKEU","https:\/\/www.tiktok.com\/@audacia_group"]}]}},"_links":{"self":[{"href":"https:\/\/www.audacia.co\/fr\/wp-json\/wp\/v2\/pages\/582","targetHints":{"allow":["GET"]}}],"collection":[{"href":"https:\/\/www.audacia.co\/fr\/wp-json\/wp\/v2\/pages"}],"about":[{"href":"https:\/\/www.audacia.co\/fr\/wp-json\/wp\/v2\/types\/page"}],"author":[{"embeddable":true,"href":"https:\/\/www.audacia.co\/fr\/wp-json\/wp\/v2\/users\/1"}],"replies":[{"embeddable":true,"href":"https:\/\/www.audacia.co\/fr\/wp-json\/wp\/v2\/comments?post=582"}],"version-history":[{"count":57,"href":"https:\/\/www.audacia.co\/fr\/wp-json\/wp\/v2\/pages\/582\/revisions"}],"predecessor-version":[{"id":6109,"href":"https:\/\/www.audacia.co\/fr\/wp-json\/wp\/v2\/pages\/582\/revisions\/6109"}],"wp:featuredmedia":[{"embeddable":true,"href":"https:\/\/www.audacia.co\/fr\/wp-json\/wp\/v2\/media\/4330"}],"wp:attachment":[{"href":"https:\/\/www.audacia.co\/fr\/wp-json\/wp\/v2\/media?parent=582"}],"curies":[{"name":"wp","href":"https:\/\/api.w.org\/{rel}","templated":true}]}}